{"id":103,"date":"2013-09-30T17:06:11","date_gmt":"2013-09-30T15:06:11","guid":{"rendered":"http:\/\/www.saetche.net\/blog\/?page_id=103"},"modified":"2025-01-09T20:59:51","modified_gmt":"2025-01-09T19:59:51","slug":"livestream","status":"publish","type":"page","link":"https:\/\/www.saetche.net\/blog\/livestream\/","title":{"rendered":"Livestream"},"content":{"rendered":"<div class=\"wp-block-image is-style-rounded\">\n<figure class=\"aligncenter is-resized\"><a href=\"https:\/\/stream.echochamber.berlin:8443\/echochamber\" target=\"_blank\" rel=\"noopener noreferrer\"><img loading=\"lazy\" decoding=\"async\" width=\"3000\" height=\"3000\" src=\"https:\/\/www.saetche.net\/blog\/wp-content\/uploads\/2020\/08\/EC-Logo-Playbutton.png\" alt=\"\" class=\"wp-image-8230\" style=\"aspect-ratio:1.0230905861456483;width:273px;height:auto\" srcset=\"https:\/\/www.saetche.net\/blog\/wp-content\/uploads\/2020\/08\/EC-Logo-Playbutton.png 3000w, https:\/\/www.saetche.net\/blog\/wp-content\/uploads\/2020\/08\/EC-Logo-Playbutton-300x300.png 300w, https:\/\/www.saetche.net\/blog\/wp-content\/uploads\/2020\/08\/EC-Logo-Playbutton-1024x1024.png 1024w, https:\/\/www.saetche.net\/blog\/wp-content\/uploads\/2020\/08\/EC-Logo-Playbutton-150x150.png 150w, https:\/\/www.saetche.net\/blog\/wp-content\/uploads\/2020\/08\/EC-Logo-Playbutton-768x768.png 768w, https:\/\/www.saetche.net\/blog\/wp-content\/uploads\/2020\/08\/EC-Logo-Playbutton-1536x1536.png 1536w, https:\/\/www.saetche.net\/blog\/wp-content\/uploads\/2020\/08\/EC-Logo-Playbutton-2048x2048.png 2048w\" sizes=\"auto, (max-width: 3000px) 100vw, 3000px\" \/><\/a><\/figure>\n<\/div>\n\n\n<figure class=\"wp-block-audio\"><audio controls src=\"https:\/\/stream.echochamber.berlin:8443\/echochamber\" preload=\"none\"><\/audio><\/figure>\n\n\n\n<p>Die Echochamber aus Berlin lief im Juli 2009 auf dem holl\u00e4ndischen Internetradio Zionhighness zum ersten Mal. Mich hatte auf der Fusion ein holl\u00e4ndischer Fotograf w\u00e4hrend meines Sets auf der Dubstation angesprochen, ob ich nicht Lust auf einen Podcast h\u00e4tte und mir eine Visitenkarte in die Hand gedr\u00fcckt. Ich hab das dann eine Woche danach einfach mal ausprobiert und h\u00e4tte nie vermutet, dass ich so viele Jahre sp\u00e4ter (danke Fredz &#8211; Rest in Power) und nach etlichen soundtechnischen und repr\u00e4sentativen Ver\u00e4nderungen, immer noch dabei bin. Gestartet mit englischer Moderation und purem Dub, wird die Echochamber mittlerweile auf deutsch pr\u00e4sentiert und ist thematisch sehr viel breiter aufgestellt. Zu h\u00f6ren gibt es alle Facetten urbaner Bassmusik. Die akustische Palette reicht dabei von Drum and Bass \u00fcber Dubstep zu Dub, aber auch viel Roots und nat\u00fcrlich Hip-Hop sind dabei. In unregelm\u00e4\u00dfigen Abst\u00e4nden besuchen mich <a href=\"https:\/\/www.saetche.net\/blog\/category\/guests\/\">DJ G\u00e4ste<\/a> in der Echochamber, die ihre Vorstellung einer guten Basstherapie in meiner Sendung umsetzen. Dabei ist es mir wichtig, wenn auch nicht immer leicht, die Idee von Diversit\u00e4t und Gleichberechtigung zu unterst\u00fctzen und auszubauen. Dar\u00fcber hinaus gibt es seit einiger Zeit immer \u00f6fter Ausw\u00e4rtsspiele der Echochamber Crew. Zu diesem Zwecke r\u00fcckt <a href=\"https:\/\/www.saetche.net\/blog\/category\/scarlet\/\">Bassfeuerwehr Scarlet<\/a> regelm\u00e4\u00dfig zu basstherapeutischen Ma\u00dfnahmen aus.<\/p>\n\n\n\n<p class=\"has-text-align-center\">320k MP3-Stream f\u00fcr Mediaplayer:<br><a href=\"https:\/\/stream.echochamber.berlin:8443\/echochamber\"><img decoding=\"async\" src=\"\/blog\/wp-content\/uploads\/2021\/02\/tunein.png\" alt=\"\"><\/a><\/p>\n\n\n\n<p>Die <a href=\"https:\/\/www.saetche.net\/blog\/category\/echochamber\/\">Echochamber<\/a> l\u00e4uft immer donnerstags live auf dem Player oben. (au\u00dfer am ersten Donnerstag des Monats)<\/p>\n\n\n\n<p>Einfach um 21 Uhr auf &#8222;Play&#8220; klicken und sich basstherapieren lassen.<\/p>\n\n\n\n<p><strong>Chat:<\/strong> Hier auf <a href=\"https:\/\/web.libera.chat#echochamber\" data-type=\"URL\" data-id=\"https:\/\/kiwiirc.com\/nextclient\/?theme=dark#irc:\/\/irc.eu.libera.chat\/#echochamber\" target=\"_blank\" rel=\"noreferrer noopener\">diesen Link <\/a>klicken, weitergeleitet werden und einen Nick eingeben. Fertig. (<a href=\"https:\/\/web.libera.chat\/gamja\/?channels=%23echochamber\" target=\"_blank\" rel=\"noreferrer noopener\">Alternativlink<\/a> falls der erste nicht geht)<br><br>Oder mit einem IRC-Client nach Wahl: Server libera.chat, Kanal #echochamber<\/p>\n\n\n\n<p>Bei den benutzten Audiofiles handelt es sich in der Regel um Promotionsmaterial, eine Copyright Verletzung ist nicht beabsichtigt.<br>Bei Problemen bitte bei mir melden und ich entferne den entsprechenden Content sofort.<\/p>\n","protected":false},"excerpt":{"rendered":"<p>Die Echochamber aus Berlin lief im Juli 2009 auf dem holl\u00e4ndischen Internetradio Zionhighness zum ersten Mal. Mich hatte auf der Fusion ein holl\u00e4ndischer Fotograf w\u00e4hrend meines Sets auf der Dubstation angesprochen, ob ich nicht Lust auf einen Podcast h\u00e4tte und &hellip; <a href=\"https:\/\/www.saetche.net\/blog\/livestream\/\">Weiterlesen <span class=\"meta-nav\">&rarr;<\/span><\/a><\/p>\n","protected":false},"author":1,"featured_media":0,"parent":0,"menu_order":0,"comment_status":"closed","ping_status":"closed","template":"","meta":{"footnotes":""},"class_list":["post-103","page","type-page","status-publish","hentry"],"_links":{"self":[{"href":"https:\/\/www.saetche.net\/blog\/wp-json\/wp\/v2\/pages\/103","targetHints":{"allow":["GET"]}}],"collection":[{"href":"https:\/\/www.saetche.net\/blog\/wp-json\/wp\/v2\/pages"}],"about":[{"href":"https:\/\/www.saetche.net\/blog\/wp-json\/wp\/v2\/types\/page"}],"author":[{"embeddable":true,"href":"https:\/\/www.saetche.net\/blog\/wp-json\/wp\/v2\/users\/1"}],"replies":[{"embeddable":true,"href":"https:\/\/www.saetche.net\/blog\/wp-json\/wp\/v2\/comments?post=103"}],"version-history":[{"count":77,"href":"https:\/\/www.saetche.net\/blog\/wp-json\/wp\/v2\/pages\/103\/revisions"}],"predecessor-version":[{"id":10560,"href":"https:\/\/www.saetche.net\/blog\/wp-json\/wp\/v2\/pages\/103\/revisions\/10560"}],"wp:attachment":[{"href":"https:\/\/www.saetche.net\/blog\/wp-json\/wp\/v2\/media?parent=103"}],"curies":[{"name":"wp","href":"https:\/\/api.w.org\/{rel}","templated":true}]}}