{"id":3873,"date":"2016-03-29T14:21:26","date_gmt":"2016-03-29T12:21:26","guid":{"rendered":"http:\/\/www.saetche.net\/blog\/?page_id=3873"},"modified":"2025-09-16T14:56:25","modified_gmt":"2025-09-16T12:56:25","slug":"impressum","status":"publish","type":"page","link":"https:\/\/www.saetche.net\/blog\/impressum\/","title":{"rendered":"Impressum"},"content":{"rendered":"\n<p>Impressum<\/p>\n\n\n\n<p>Disclaimer \u2013 rechtliche Hinweise<\/p>\n\n\n\n<p>\u00a7 1 Haftungsbeschr\u00e4nkung<br>Die Inhalte dieser Website werden mit gr\u00f6\u00dftm\u00f6glicher Sorgfalt erstellt. Der<br>Anbieter \u00fcbernimmt jedoch keine Gew\u00e4hr f\u00fcr die Richtigkeit, Vollst\u00e4ndigkeit<br>und Aktualit\u00e4t der bereitgestellten Inhalte. Die Nutzung der Inhalte der<br>Website erfolgt auf eigene Gefahr des Nutzers. Namentlich gekennzeichnete<br>Beitr\u00e4ge geben die Meinung des jeweiligen Autors und nicht immer die Meinung<br>des Anbieters wieder. Mit der reinen Nutzung der Website des Anbieters kommt<br>keinerlei Vertragsverh\u00e4ltnis zwischen dem Nutzer und dem Anbieter zustande.<\/p>\n\n\n\n<p>\u00a7 2 Externe Links<br>Diese Website enth\u00e4lt Verkn\u00fcpfungen zu Websites Dritter (\u201eexterne Links\u201c).<br>Diese Websites unterliegen der Haftung der jeweiligen Betreiber. Der<br>Anbieter hat bei der erstmaligen Verkn\u00fcpfung der externen Links die fremden<br>Inhalte daraufhin \u00fcberpr\u00fcft, ob etwaige Rechtsverst\u00f6\u00dfe bestehen. Zu dem<br>Zeitpunkt waren keine Rechtsverst\u00f6\u00dfe ersichtlich. Der Anbieter hat keinerlei<br>Einfluss auf die aktuelle und zuk\u00fcnftige Gestaltung und auf die Inhalte der<br>verkn\u00fcpften Seiten. Das Setzen von externen Links bedeutet nicht, dass sich<br>der Anbieter die hinter dem Verweis oder Link liegenden Inhalte zu Eigen<br>macht. Eine st\u00e4ndige Kontrolle der externen Links ist f\u00fcr den Anbieter ohne<br>konkrete Hinweise auf Rechtsverst\u00f6\u00dfe nicht zumutbar. Bei Kenntnis von<br>Rechtsverst\u00f6\u00dfen werden jedoch derartige externe Links unverz\u00fcglich gel\u00f6scht.<\/p>\n\n\n\n<p>Verantwortlich f\u00fcr den Inhalt (gem. \u00a7 55 Abs. 2 RStV):<br>S . K r \u00f6 n e r<br>S t r e s e m a n n s t r. 7 4<br>1 0 9 6 3 B e r l i n<\/p>\n\n\n\n<p>E-Mail: post [at] echochamber [dot] berlin<\/p>\n","protected":false},"excerpt":{"rendered":"<p>Impressum Disclaimer \u2013 rechtliche Hinweise \u00a7 1 Haftungsbeschr\u00e4nkungDie Inhalte dieser Website werden mit gr\u00f6\u00dftm\u00f6glicher Sorgfalt erstellt. DerAnbieter \u00fcbernimmt jedoch keine Gew\u00e4hr f\u00fcr die Richtigkeit, Vollst\u00e4ndigkeitund Aktualit\u00e4t der bereitgestellten Inhalte. Die Nutzung der Inhalte derWebsite erfolgt auf eigene Gefahr des Nutzers. &hellip; <a href=\"https:\/\/www.saetche.net\/blog\/impressum\/\">Weiterlesen <span class=\"meta-nav\">&rarr;<\/span><\/a><\/p>\n","protected":false},"author":2,"featured_media":0,"parent":0,"menu_order":0,"comment_status":"closed","ping_status":"closed","template":"","meta":{"footnotes":""},"class_list":["post-3873","page","type-page","status-publish","hentry"],"_links":{"self":[{"href":"https:\/\/www.saetche.net\/blog\/wp-json\/wp\/v2\/pages\/3873","targetHints":{"allow":["GET"]}}],"collection":[{"href":"https:\/\/www.saetche.net\/blog\/wp-json\/wp\/v2\/pages"}],"about":[{"href":"https:\/\/www.saetche.net\/blog\/wp-json\/wp\/v2\/types\/page"}],"author":[{"embeddable":true,"href":"https:\/\/www.saetche.net\/blog\/wp-json\/wp\/v2\/users\/2"}],"replies":[{"embeddable":true,"href":"https:\/\/www.saetche.net\/blog\/wp-json\/wp\/v2\/comments?post=3873"}],"version-history":[{"count":6,"href":"https:\/\/www.saetche.net\/blog\/wp-json\/wp\/v2\/pages\/3873\/revisions"}],"predecessor-version":[{"id":10787,"href":"https:\/\/www.saetche.net\/blog\/wp-json\/wp\/v2\/pages\/3873\/revisions\/10787"}],"wp:attachment":[{"href":"https:\/\/www.saetche.net\/blog\/wp-json\/wp\/v2\/media?parent=3873"}],"curies":[{"name":"wp","href":"https:\/\/api.w.org\/{rel}","templated":true}]}}