{"id":3919,"date":"2016-03-31T16:54:32","date_gmt":"2016-03-31T14:54:32","guid":{"rendered":"http:\/\/www.saetche.net\/blog\/?page_id=3919"},"modified":"2018-09-13T17:56:38","modified_gmt":"2018-09-13T15:56:38","slug":"about","status":"publish","type":"page","link":"https:\/\/www.saetche.net\/blog\/about\/","title":{"rendered":"About"},"content":{"rendered":"<p><img loading=\"lazy\" decoding=\"async\" class=\"aligncenter size-large wp-image-3735\" src=\"http:\/\/www.saetche.net\/blog\/wp-content\/uploads\/2016\/03\/FBProfil-1024x1024.jpg\" alt=\"FBProfil\" width=\"584\" height=\"584\" srcset=\"https:\/\/www.saetche.net\/blog\/wp-content\/uploads\/2016\/03\/FBProfil-1024x1024.jpg 1024w, https:\/\/www.saetche.net\/blog\/wp-content\/uploads\/2016\/03\/FBProfil-150x150.jpg 150w, https:\/\/www.saetche.net\/blog\/wp-content\/uploads\/2016\/03\/FBProfil-300x300.jpg 300w, https:\/\/www.saetche.net\/blog\/wp-content\/uploads\/2016\/03\/FBProfil-768x768.jpg 768w, https:\/\/www.saetche.net\/blog\/wp-content\/uploads\/2016\/03\/FBProfil.jpg 1569w\" sizes=\"auto, (max-width: 584px) 100vw, 584px\" \/><\/p>\n<p>Es gibt einiges \u00fcber Saetchmo zu sagen, doch lieber ist es dem Musiker, Maler und Podcaster (seine) Kunst f\u00fcr ihn sprechen zu lassen. Der feinsinnige Mann, der seine musikalische Erweckung in fr\u00fchen Kindheitstagen durch Pink Floyds Album \u201eThe Dark Side Of The Moon&#8220; erfuhr, l\u00e4sst Esprit und Witz gekonnt miteinander verschmelzen, um seine Botschaft unter die Menschen zu bringen.<\/p>\n<p>Ihm geht es um den Trip, die Schickung, die durch seinen Sound, den Saetchmo als \u201eurbane Bassmusik, bevorzugt mit Offbeat und Delay\u201c bezeichnet, kreiert wird.<br \/>\nIhm geht es auch um ein friedliches Miteinander, um eine gemeinsame Zukunft, f\u00fcr alles, was auf diesem Planeten lebt.<\/p>\n<p>Eine andere Welt ist machbar und daf\u00fcr steht der komplette kreative Ausdruck des K\u00fcnstlers, der \u00fcber die Musik hinausgeht. Jenseits der B\u00fchne erweist sich Saetchmo als geduldiger Zuh\u00f6rer und kompetenter Gespr\u00e4chspartner, mit enorm viel Hintergrundwissen die kreativen Herausforderungen der Welt betreffend.<\/p>\n<p>Verspielt, mit Sinn f\u00fcr Ironie und die eine oder andere bewusste Grenz\u00fcbertretung schafft er es stets, seinen und den Emotionen des Publikums Ausdruck zu verleihen und es dabei gleichzeitig in seine Welt zu entf\u00fchren; egal ob das bedeutet, statt des geplanten chilligen Sets die h\u00fcpfigeren Tunes aus dem Koffer zu holen, damit es ein gelungener Gig wird.<\/p>\n<p>Jene Mischung ist es wohl, die Saetchmo zu einem Erlebnis macht, welches im Ged\u00e4chtnis haften bleibt.<\/p>\n<p><a href=\"https:\/\/www.saetche.net\/blog\/booking\/\">BOOKING<\/a><\/p>\n<p><strong>Genres<\/strong><br \/>\nDub<br \/>\nDubstep<br \/>\nDrum and Bass<br \/>\nRoots Reggae<br \/>\nSteppers<br \/>\nHip Hop<br \/>\nTrip Hop<br \/>\nDowntempo<br \/>\nAmbient<\/p>\n<p><a href=\"http:\/\/www.saetche.net\/blog\/discografie\/\">DISCOGRAFIE<\/a><\/p>\n<p><a href=\"https:\/\/www.saetche.net\/blog\/wp-content\/uploads\/2018\/05\/WegbassenSaetchmo.jpg\"><img loading=\"lazy\" decoding=\"async\" class=\"aligncenter size-full wp-image-6124\" src=\"https:\/\/www.saetche.net\/blog\/wp-content\/uploads\/2018\/05\/WegbassenSaetchmo.jpg\" alt=\"\" width=\"1000\" height=\"1501\" srcset=\"https:\/\/www.saetche.net\/blog\/wp-content\/uploads\/2018\/05\/WegbassenSaetchmo.jpg 1000w, https:\/\/www.saetche.net\/blog\/wp-content\/uploads\/2018\/05\/WegbassenSaetchmo-200x300.jpg 200w, https:\/\/www.saetche.net\/blog\/wp-content\/uploads\/2018\/05\/WegbassenSaetchmo-768x1153.jpg 768w, https:\/\/www.saetche.net\/blog\/wp-content\/uploads\/2018\/05\/WegbassenSaetchmo-682x1024.jpg 682w\" sizes=\"auto, (max-width: 1000px) 100vw, 1000px\" \/><\/a><\/p>\n","protected":false},"excerpt":{"rendered":"<p>Es gibt einiges \u00fcber Saetchmo zu sagen, doch lieber ist es dem Musiker, Maler und Podcaster (seine) Kunst f\u00fcr ihn sprechen zu lassen. Der feinsinnige Mann, der seine musikalische Erweckung in fr\u00fchen Kindheitstagen durch Pink Floyds Album \u201eThe Dark Side &hellip; <a href=\"https:\/\/www.saetche.net\/blog\/about\/\">Weiterlesen <span class=\"meta-nav\">&rarr;<\/span><\/a><\/p>\n","protected":false},"author":2,"featured_media":0,"parent":0,"menu_order":0,"comment_status":"closed","ping_status":"closed","template":"sidebar-page.php","meta":{"footnotes":""},"class_list":["post-3919","page","type-page","status-publish","hentry"],"_links":{"self":[{"href":"https:\/\/www.saetche.net\/blog\/wp-json\/wp\/v2\/pages\/3919","targetHints":{"allow":["GET"]}}],"collection":[{"href":"https:\/\/www.saetche.net\/blog\/wp-json\/wp\/v2\/pages"}],"about":[{"href":"https:\/\/www.saetche.net\/blog\/wp-json\/wp\/v2\/types\/page"}],"author":[{"embeddable":true,"href":"https:\/\/www.saetche.net\/blog\/wp-json\/wp\/v2\/users\/2"}],"replies":[{"embeddable":true,"href":"https:\/\/www.saetche.net\/blog\/wp-json\/wp\/v2\/comments?post=3919"}],"version-history":[{"count":16,"href":"https:\/\/www.saetche.net\/blog\/wp-json\/wp\/v2\/pages\/3919\/revisions"}],"predecessor-version":[{"id":6392,"href":"https:\/\/www.saetche.net\/blog\/wp-json\/wp\/v2\/pages\/3919\/revisions\/6392"}],"wp:attachment":[{"href":"https:\/\/www.saetche.net\/blog\/wp-json\/wp\/v2\/media?parent=3919"}],"curies":[{"name":"wp","href":"https:\/\/api.w.org\/{rel}","templated":true}]}}